{"id":2,"date":"2024-05-08T10:18:26","date_gmt":"2024-05-08T08:18:26","guid":{"rendered":"http:\/\/www.aylphy.com\/?page_id=2"},"modified":"2025-07-07T08:52:04","modified_gmt":"2025-07-07T06:52:04","slug":"page-d-exemple","status":"publish","type":"page","link":"https:\/\/www.aylphy.com\/","title":{"rendered":"Accueil"},"content":{"rendered":"\n<div class=\"wp-block-columns is-layout-flex wp-container-core-columns-is-layout-9d6595d7 wp-block-columns-is-layout-flex\">\n<div class=\"wp-block-column is-layout-flow wp-block-column-is-layout-flow\"><\/div>\n\n\n\n<div class=\"wp-block-column is-layout-flow wp-block-column-is-layout-flow\">\n<ul class=\"wp-block-social-links aligncenter is-layout-flex wp-block-social-links-is-layout-flex\"><li class=\"wp-social-link wp-social-link-linkedin  wp-block-social-link\"><a href=\"https:\/\/www.linkedin.com\/in\/r%C3%A9mi-boucher-9b5227347\/\" class=\"wp-block-social-link-anchor\"><svg width=\"24\" height=\"24\" viewBox=\"0 0 24 24\" version=\"1.1\" xmlns=\"http:\/\/www.w3.org\/2000\/svg\" aria-hidden=\"true\" focusable=\"false\"><path d=\"M19.7,3H4.3C3.582,3,3,3.582,3,4.3v15.4C3,20.418,3.582,21,4.3,21h15.4c0.718,0,1.3-0.582,1.3-1.3V4.3 C21,3.582,20.418,3,19.7,3z M8.339,18.338H5.667v-8.59h2.672V18.338z M7.004,8.574c-0.857,0-1.549-0.694-1.549-1.548 c0-0.855,0.691-1.548,1.549-1.548c0.854,0,1.547,0.694,1.547,1.548C8.551,7.881,7.858,8.574,7.004,8.574z M18.339,18.338h-2.669 v-4.177c0-0.996-0.017-2.278-1.387-2.278c-1.389,0-1.601,1.086-1.601,2.206v4.249h-2.667v-8.59h2.559v1.174h0.037 c0.356-0.675,1.227-1.387,2.526-1.387c2.703,0,3.203,1.779,3.203,4.092V18.338z\"><\/path><\/svg><span class=\"wp-block-social-link-label screen-reader-text\">LinkedIn<\/span><\/a><\/li><\/ul>\n<\/div>\n\n\n\n<div class=\"wp-block-column is-layout-flow wp-block-column-is-layout-flow\"><\/div>\n<\/div>\n\n\n\n<div class=\"wp-block-group is-vertical is-layout-flex wp-container-core-group-is-layout-8cf370e7 wp-block-group-is-layout-flex\">\n<div class=\"wp-block-group\"><div class=\"wp-block-group__inner-container is-layout-constrained wp-block-group-is-layout-constrained\">\n<p class=\"has-text-align-center wp-container-content-9cfa9a5a\" style=\"font-size:18px\">Sensibles aux champs \u00e9lectromagn\u00e9tiques, aux vibrations m\u00e9caniques au sol  \u00e0 la pression acoustique, aux flux d&rsquo;air parmi tant d&rsquo;autres sujets, les instruments scientifiques n\u00e9cessitent des pr\u00e9cautions particuli\u00e8res en vue de leurs installations, de la conception et de la r\u00e9alisation des ouvrages telles que les salles de laboratoires et les b\u00e2timents.<\/p>\n\n\n\n<p class=\"has-text-align-center\" style=\"font-size:17px\"><strong>Aylphy <\/strong>offre un ensemble de services li\u00e9s aux instruments scientifiques, \u00e0 leurs environnements comme les \u00e9tudes de sites, les analyses sp\u00e9cifiques et les diagnostics ainsi que d&rsquo;autres services sur mesure. Le conseil et l&rsquo;assistance MOA &#8211; MOE sont aussi propos\u00e9s par l&rsquo;entreprise. <\/p>\n\n\n\n<p class=\"has-text-align-center\" style=\"font-size:17px\">En compl\u00e9ment de l\u2019activit\u00e9 de services, <strong>Aylphy <\/strong>propose tout une gamme de produits\u00a0: compensateurs de champs \u00e9lectromagn\u00e9tiques et tables anti vibration afin de pouvoir offrir des solutions compl\u00e8tes et int\u00e9gr\u00e9es, sur mesures et garanties.<\/p>\n\n\n\n<p class=\"has-text-align-center\" style=\"font-size:17px\">Forte de plus d&rsquo;une trentaine d&rsquo;ann\u00e9es exp\u00e9rience, reconnue<strong> <\/strong>en Europe dans de nombreux domaines\u00a0et secteurs d&rsquo;activit\u00e9s : milieu confin\u00e9 (NSB3), universit\u00e9s, m\u00e9dical, les semi-conducteurs, \u2026., <strong>Aylphy <\/strong>dispose de r\u00e9elles comp\u00e9tences acquises et propos\u00e9es dans ce domaine de tr\u00e8s haute technologie.<\/p>\n<\/div><\/div>\n<\/div>\n\n\n\n<div style=\"height:40px\" aria-hidden=\"true\" class=\"wp-block-spacer\"><\/div>\n\n\n\n<figure class=\"wp-block-image size-full is-resized\"><img loading=\"lazy\" decoding=\"async\" width=\"1920\" height=\"1080\" src=\"https:\/\/www.aylphy.com\/wp-content\/uploads\/2025\/01\/Produits-et-Services-4.png\" alt=\"\" class=\"wp-image-1370\" style=\"aspect-ratio:16\/9;object-fit:contain;width:auto;height:700px\" srcset=\"https:\/\/www.aylphy.com\/wp-content\/uploads\/2025\/01\/Produits-et-Services-4.png 1920w, https:\/\/www.aylphy.com\/wp-content\/uploads\/2025\/01\/Produits-et-Services-4-300x169.png 300w, https:\/\/www.aylphy.com\/wp-content\/uploads\/2025\/01\/Produits-et-Services-4-768x432.png 768w, https:\/\/www.aylphy.com\/wp-content\/uploads\/2025\/01\/Produits-et-Services-4-1536x864.png 1536w, https:\/\/www.aylphy.com\/wp-content\/uploads\/2025\/01\/Produits-et-Services-4-1140x641.png 1140w\" sizes=\"auto, (max-width: 1920px) 100vw, 1920px\" \/><\/figure>\n\n\n\n<p><\/p>\n","protected":false},"excerpt":{"rendered":"<p>Sensibles aux champs \u00e9lectromagn\u00e9tiques, aux vibrations m\u00e9caniques au sol \u00e0 la pression acoustique, aux flux d&rsquo;air parmi tant d&rsquo;autres sujets, les instruments scientifiques n\u00e9cessitent des pr\u00e9cautions particuli\u00e8res en vue de leurs installations, de la conception et de la r\u00e9alisation des ouvrages telles que les salles de laboratoires et les b\u00e2timents. Aylphy offre un ensemble de &hellip; <\/p>\n<p><a class=\"more-link btn\" href=\"https:\/\/www.aylphy.com\/\">Lire la suite<\/a><\/p>\n","protected":false},"author":4,"featured_media":0,"parent":0,"menu_order":0,"comment_status":"closed","ping_status":"open","template":"","meta":{"footnotes":""},"class_list":["post-2","page","type-page","status-publish","hentry","nodate","item-wrap"],"_links":{"self":[{"href":"https:\/\/www.aylphy.com\/index.php\/wp-json\/wp\/v2\/pages\/2","targetHints":{"allow":["GET"]}}],"collection":[{"href":"https:\/\/www.aylphy.com\/index.php\/wp-json\/wp\/v2\/pages"}],"about":[{"href":"https:\/\/www.aylphy.com\/index.php\/wp-json\/wp\/v2\/types\/page"}],"author":[{"embeddable":true,"href":"https:\/\/www.aylphy.com\/index.php\/wp-json\/wp\/v2\/users\/4"}],"replies":[{"embeddable":true,"href":"https:\/\/www.aylphy.com\/index.php\/wp-json\/wp\/v2\/comments?post=2"}],"version-history":[{"count":111,"href":"https:\/\/www.aylphy.com\/index.php\/wp-json\/wp\/v2\/pages\/2\/revisions"}],"predecessor-version":[{"id":1438,"href":"https:\/\/www.aylphy.com\/index.php\/wp-json\/wp\/v2\/pages\/2\/revisions\/1438"}],"wp:attachment":[{"href":"https:\/\/www.aylphy.com\/index.php\/wp-json\/wp\/v2\/media?parent=2"}],"curies":[{"name":"wp","href":"https:\/\/api.w.org\/{rel}","templated":true}]}}