{"id":26,"date":"2024-05-08T12:07:50","date_gmt":"2024-05-08T10:07:50","guid":{"rendered":"http:\/\/www.aylphy.com\/?page_id=26"},"modified":"2025-01-19T17:41:49","modified_gmt":"2025-01-19T16:41:49","slug":"mentions-legales","status":"publish","type":"page","link":"https:\/\/www.aylphy.com\/index.php\/mentions-legales\/","title":{"rendered":"Mentions l\u00e9gales"},"content":{"rendered":"\n<p>Conform\u00e9ment aux dispositions des articles 6-III et 19 de la Loi n\u00b0 2004-575 du 21 juin 2004 pour la Confiance dans l&rsquo;\u00e9conomie num\u00e9rique, dite L.C.E.N., nous portons \u00e0 la connaissance des utilisateurs et visiteurs du site www.aylphy.com les informations suivantes :<\/p>\n\n\n\n<p><strong>I. Informations l\u00e9gales<\/strong><br><strong>I.1. Editeur du Site<\/strong><br>Nom : R\u00e9mi BOUCHER<br>Adresse : 71 quai Winston Churchill &#8211; 94100 Saint Maur des Foss\u00e9s &#8211; France<br>T\u00e9l. : 01 45 11 93 40<\/p>\n\n\n\n<p><strong>I.2. Activit\u00e9<\/strong><br>N\u00b0 d&rsquo;inscription au r\u00e9pertoire des m\u00e9tiers : 928512896 00012<\/p>\n\n\n\n<p><strong>I.3. Site internet<\/strong><br>Le site internet est h\u00e9berg\u00e9 sur le domaine : www.aylphy.com.<\/p>\n\n\n\n<p><strong>I.4. Responsable de la publication<\/strong><br>Responsable de la publication : R\u00e9mi BOUCHER<br>Ville du tribunal de comp\u00e9tence en cas de litige : Cr\u00e9teil<\/p>\n\n\n\n<p><strong>I.5. Agence \/ Webmaster<\/strong><br>Entreprise : Aylphy<br>Adresse : 71 quai Winston Churchill &#8211; 94100 Saint Maur des Foss\u00e9s &#8211; France<br>T\u00e9l. : 01 45 11 93 40<\/p>\n\n\n\n<p><strong>I.6. H\u00e9bergement<\/strong><br>Entreprise : OVH<br>RCS : Lille M\u00e9tropole 424 761 419 00045<br>Adresse : 2 rue Kellermann &#8211; 59100 Roubaix &#8211; France<\/p>\n\n\n\n<p><strong>II. Pr\u00e9sentation et princip<\/strong>e<br>Est d\u00e9sign\u00e9 ci-apr\u00e8s : Utilisateur, tout internaute se connectant et utilisant le site susnomm\u00e9 : www.aylphy.com et s&rsquo;efforce de transmettre les informations les plus pr\u00e9cises et \u00e0 jour possibles (sous r\u00e9serve de modifications apport\u00e9es depuis leur mise en ligne), mais ne saurait garantir l&rsquo;exactitude, la compl\u00e9tude et l&rsquo;actualit\u00e9 des informations diffus\u00e9es sur son site, qu\u2019elles soient de son fait ou du fait des tiers partenaires qui lui fournissent ces informations. En cons\u00e9quence, l&rsquo;internaute devra donc s&rsquo;assurer de l&rsquo;exactitude des informations et signaler toutes modifications du site qu&rsquo;il jugerait utile. La soci\u00e9t\u00e9 Aylphy n&rsquo;est en aucun cas responsable de l&rsquo;utilisation faite de ces informations, et de tout pr\u00e9judice direct ou indirect pouvant en d\u00e9couler.<\/p>\n\n\n\n<p><strong>III. Accessibilit\u00e9<\/strong><br>Le site www.aylphy.com est par principe accessible aux utilisateurs 24\/24h, 7\/7j, sauf interruption, programm\u00e9e ou non, pour les besoins de sa maintenance ou en cas de force majeure. N\u2019\u00e9tant soumis qu\u2019\u00e0 une obligation de moyen, Aylphy ne saurait \u00eatre tenu pour responsable de tout dommage, quelle qu\u2019en soit la nature, r\u00e9sultant d\u2019une indisponibilit\u00e9 du service.<\/p>\n\n\n\n<p><strong>IV. Propri\u00e9t\u00e9 intellectuelle<\/strong><br>Aylphy est propri\u00e9taire exclusif de tous les droits de propri\u00e9t\u00e9 intellectuelle ou d\u00e9tient les droits d\u2019usage sur tous les \u00e9l\u00e9ments accessibles sur le site, tant sur la structure que sur tous les \u00e9l\u00e9ments qui le constitue. Toute reproduction partielle ou totale du site www.aylphy.com, toute repr\u00e9sentation, modification, publication, adaptation partielle ou totale de l&rsquo;un ou plusieurs de ces \u00e9l\u00e9ments est interdite, sauf autorisation \u00e9crite pr\u00e9alable d&rsquo;Aylphy. \u00c0 d\u00e9faut, elle sera consid\u00e9r\u00e9e comme constitutive d\u2019une contrefa\u00e7on et passible de poursuite conform\u00e9ment aux dispositions des articles L.335-2 et suivants du Code de Propri\u00e9t\u00e9 Intellectuelle.<\/p>\n\n\n\n<p><strong>V. Liens hypertextes et cookies<\/strong><br><strong>V.1. Cookies<\/strong><br>L\u2019utilisateur est inform\u00e9 que lors de ses visites sur le site www.aylphy.com, <strong>2 cookies<\/strong> (burst_uid et wpEmojiSettingsSupports) sont susceptibles de s\u2019installer automatiquement sur son ordinateur par l&rsquo;interm\u00e9diaire de son logiciel de navigation. Un cookie est un bloc de donn\u00e9es qui ne permet pas d&rsquo;identifier l&rsquo;utilisateur, mais qui enregistre des informations relatives \u00e0 la navigation de celui-ci sur le site. Il contient plusieurs donn\u00e9es qui sont stock\u00e9es sur votre ordinateur dans un simple fichier texte auquel un serveur acc\u00e8de pour lire et enregistrer des informations. Les cookies utilis\u00e9s par le site www.aylphy.com permettent le bon fonctionnement (wpEmojiSettingsSupports) et la production de statistiques de fr\u00e9quentation anonymis\u00e9e (burst_uid). Aucun cookie n&rsquo;est utilis\u00e9 \u00e0 des fins de pistage, d&rsquo;identification ou en lien avec une r\u00e9gie publicitaire externe. Le param\u00e9trage du logiciel de navigation permet d\u2019informer de la pr\u00e9sence de cookie et \u00e9ventuellement, de la refuser de la mani\u00e8re d\u00e9crite \u00e0 l\u2019adresse suivante : www.cnil.fr.<\/p>\n\n\n\n<p><strong>VI. Protection des biens et des personnes &#8211; gestion des donn\u00e9es personnelles<\/strong><br>Le Client est inform\u00e9 des r\u00e9glementations concernant la communication marketing, la loi du 21 Juin 2014 pour la confiance dans l\u2019Economie Num\u00e9rique, la Loi Informatique et Libert\u00e9 du 06 Ao\u00fbt 2004 ainsi que du R\u00e8glement G\u00e9n\u00e9ral sur la Protection des Donn\u00e9es (RGPD : n\u00b0 2016-679).<\/p>\n\n\n\n<p><strong>VII- Limitation de responsabilit\u00e9<\/strong><br>Les informations contenues sur ce site sont aussi pr\u00e9cises que possible et le site est p\u00e9riodiquement remis \u00e0 jour, mais peut toutefois contenir des inexactitudes, des omissions ou des lacunes. Si vous constatez une lacune, erreur ou ce qui para\u00eet \u00eatre un dysfonctionnement, merci de bien vouloir le signaler par email en d\u00e9crivant le probl\u00e8me de la mani\u00e8re la plus pr\u00e9cise possible. www.aylphy.com ne peut pas \u00eatre tenu responsable des lacunes, erreurs ou dysfonctionnement engendr\u00e9s.<\/p>\n\n\n\n<p><strong>A propos des mentions l\u00e9gales :<\/strong> Les mentions l\u00e9gales d\u00e9finies sur cette page s&rsquo;appliquent \u00e0 l&rsquo;ensemble du pr\u00e9sent site internet et sont susceptibles d&rsquo;\u00e9voluer sans pr\u00e9avis. L&rsquo;Utilisateur du site est donc invit\u00e9 \u00e0 les consulter r\u00e9guli\u00e8rement afin d&rsquo;en prendre connaissance.<\/p>\n","protected":false},"excerpt":{"rendered":"<p>Conform\u00e9ment aux dispositions des articles 6-III et 19 de la Loi n\u00b0 2004-575 du 21 juin 2004 pour la Confiance dans l&rsquo;\u00e9conomie num\u00e9rique, dite L.C.E.N., nous portons \u00e0 la connaissance des utilisateurs et visiteurs du site www.aylphy.com les informations suivantes : I. Informations l\u00e9galesI.1. Editeur du SiteNom : R\u00e9mi BOUCHERAdresse : 71 quai Winston Churchill &hellip; <\/p>\n<p><a class=\"more-link btn\" href=\"https:\/\/www.aylphy.com\/index.php\/mentions-legales\/\">Lire la suite<\/a><\/p>\n","protected":false},"author":1,"featured_media":0,"parent":0,"menu_order":0,"comment_status":"closed","ping_status":"closed","template":"","meta":{"footnotes":""},"class_list":["post-26","page","type-page","status-publish","hentry","nodate","item-wrap"],"_links":{"self":[{"href":"https:\/\/www.aylphy.com\/index.php\/wp-json\/wp\/v2\/pages\/26","targetHints":{"allow":["GET"]}}],"collection":[{"href":"https:\/\/www.aylphy.com\/index.php\/wp-json\/wp\/v2\/pages"}],"about":[{"href":"https:\/\/www.aylphy.com\/index.php\/wp-json\/wp\/v2\/types\/page"}],"author":[{"embeddable":true,"href":"https:\/\/www.aylphy.com\/index.php\/wp-json\/wp\/v2\/users\/1"}],"replies":[{"embeddable":true,"href":"https:\/\/www.aylphy.com\/index.php\/wp-json\/wp\/v2\/comments?post=26"}],"version-history":[{"count":6,"href":"https:\/\/www.aylphy.com\/index.php\/wp-json\/wp\/v2\/pages\/26\/revisions"}],"predecessor-version":[{"id":1373,"href":"https:\/\/www.aylphy.com\/index.php\/wp-json\/wp\/v2\/pages\/26\/revisions\/1373"}],"wp:attachment":[{"href":"https:\/\/www.aylphy.com\/index.php\/wp-json\/wp\/v2\/media?parent=26"}],"curies":[{"name":"wp","href":"https:\/\/api.w.org\/{rel}","templated":true}]}}