{"id":46,"date":"2024-05-08T14:26:51","date_gmt":"2024-05-08T12:26:51","guid":{"rendered":"http:\/\/www.aylphy.com\/?page_id=46"},"modified":"2025-01-20T07:20:28","modified_gmt":"2025-01-20T06:20:28","slug":"analyse-visite-de-site","status":"publish","type":"page","link":"https:\/\/www.aylphy.com\/index.php\/analyse-visite-de-site\/","title":{"rendered":"Visite de site"},"content":{"rendered":"\n<div style=\"height:4px\" aria-hidden=\"true\" class=\"wp-block-spacer\"><\/div>\n\n\n\n<p class=\"has-text-align-center\">Les visites de sites ou les \u00e9tudes environnementales telles que les mesures de vibrations m\u00e9caniques du sol, les mesures des champs \u00e9lectromagn\u00e9tiques et les mesures de la pression acoustique sont pr\u00e9pond\u00e9rantes. Ces \u00e9tudes sont n\u00e9cessaires, obligatoires et permettent d&rsquo;appr\u00e9hender et de comprendre un environnement, de le qualifier avant l\u2019installation d\u2019un instrument scientifique ( (S)TEM, SEM, FIB, DB, Microsondes\u2026).<\/p>\n\n\n\n<figure class=\"wp-block-image size-full\"><img loading=\"lazy\" decoding=\"async\" width=\"1920\" height=\"1080\" src=\"https:\/\/www.aylphy.com\/wp-content\/uploads\/2025\/01\/Visites-de-site-Aylphy-18-01-2025-3.png\" alt=\"\" class=\"wp-image-1394\" srcset=\"https:\/\/www.aylphy.com\/wp-content\/uploads\/2025\/01\/Visites-de-site-Aylphy-18-01-2025-3.png 1920w, https:\/\/www.aylphy.com\/wp-content\/uploads\/2025\/01\/Visites-de-site-Aylphy-18-01-2025-3-300x169.png 300w, https:\/\/www.aylphy.com\/wp-content\/uploads\/2025\/01\/Visites-de-site-Aylphy-18-01-2025-3-768x432.png 768w, https:\/\/www.aylphy.com\/wp-content\/uploads\/2025\/01\/Visites-de-site-Aylphy-18-01-2025-3-1536x864.png 1536w, https:\/\/www.aylphy.com\/wp-content\/uploads\/2025\/01\/Visites-de-site-Aylphy-18-01-2025-3-1140x641.png 1140w\" sizes=\"auto, (max-width: 1920px) 100vw, 1920px\" \/><\/figure>\n\n\n\n<div class=\"wp-block-group is-nowrap is-layout-flex wp-container-core-group-is-layout-ad2f72ca wp-block-group-is-layout-flex\">\n<div class=\"wp-block-group is-vertical is-content-justification-stretch is-layout-flex wp-container-core-group-is-layout-b16ad781 wp-block-group-is-layout-flex\">\n<div class=\"wp-block-group\"><div class=\"wp-block-group__inner-container is-layout-constrained wp-block-group-is-layout-constrained\">\n<div class=\"wp-block-group\"><div class=\"wp-block-group__inner-container is-layout-constrained wp-block-group-is-layout-constrained\">\n<div class=\"wp-block-group\"><div class=\"wp-block-group__inner-container is-layout-constrained wp-block-group-is-layout-constrained\">\n<p class=\"has-text-align-center\">Une \u00e9tude environnementale ou une visite de site permet de v\u00e9rifier et de qualifier les lieux en conformit\u00e9 avec les pr\u00e9requis des constructeurs de l\u2019instrument scientifique. L&rsquo;analyse d&rsquo;un site est aussi le moment ou l&rsquo;int\u00e9gration des instruments doit \u00eatre appr\u00e9hend\u00e9e suivant certaines r\u00e8gles et principes.<\/p>\n\n\n\n<p class=\"has-text-align-center\">Suite \u00e0 un dysfonctionnement d\u2019un instrument scientifique tel qu&rsquo;une d\u00e9gradation de la qualit\u00e9 de l\u2019image (r\u00e9solution, d\u00e9rive du faisceau ou de l&rsquo;\u00e9chantillon, \u00ab\u00a0flags\u00a0\u00bb\u2026), une analyse de site permet de lever les incertitudes (diagnostic) dont la cause peut \u00eatre li\u00e9e \u00e0 l\u2019environnement (champs \u00e9lectromagn\u00e9tiques, vibrations m\u00e9caniques au sol, pression acoustique&#8230; ).<\/p>\n\n\n\n<p class=\"has-text-align-center\">Les visite de site sont adapt\u00e9es \u00e0 la demande selon les crit\u00e8res et les souhaits, selon les environnements et les instruments scientifiques \u00e0 consid\u00e9rer et peuvent faire l&rsquo;objet d&rsquo;\u00e9tudes diverses et vari\u00e9es afin de pr\u00e9coniser un lieu d&rsquo;int\u00e9gration s\u00fbr, afin de pouvoir le garantir pour la r\u00e9ception de l&rsquo;instrument.<\/p>\n<\/div><\/div>\n<\/div><\/div>\n<\/div><\/div>\n<\/div>\n<\/div>\n\n\n\n<div class=\"wp-block-columns is-layout-flex wp-container-core-columns-is-layout-9d6595d7 wp-block-columns-is-layout-flex\">\n<div class=\"wp-block-column is-layout-flow wp-block-column-is-layout-flow\" style=\"flex-basis:100%\">\n<div class=\"wp-block-buttons is-horizontal is-content-justification-center is-layout-flex wp-container-core-buttons-is-layout-499968f5 wp-block-buttons-is-layout-flex\" style=\"font-style:normal;font-weight:300\">\n<div class=\"wp-block-button has-custom-width wp-block-button__width-25 has-custom-font-size is-style-outline has-small-font-size is-style-outline--1\"><a class=\"wp-block-button__link has-black-color has-text-color has-link-color has-text-align-center wp-element-button\" href=\"https:\/\/www.aylphy.com\/index.php\/contact\/\" style=\"border-radius:0px\"><strong>Nous contacter<\/strong><\/a><\/div>\n<\/div>\n<\/div>\n<\/div>\n","protected":false},"excerpt":{"rendered":"<p>Les visites de sites ou les \u00e9tudes environnementales telles que les mesures de vibrations m\u00e9caniques du sol, les mesures des champs \u00e9lectromagn\u00e9tiques et les mesures de la pression acoustique sont pr\u00e9pond\u00e9rantes. Ces \u00e9tudes sont n\u00e9cessaires, obligatoires et permettent d&rsquo;appr\u00e9hender et de comprendre un environnement, de le qualifier avant l\u2019installation d\u2019un instrument scientifique ( (S)TEM, SEM, &hellip; <\/p>\n<p><a class=\"more-link btn\" href=\"https:\/\/www.aylphy.com\/index.php\/analyse-visite-de-site\/\">Lire la suite<\/a><\/p>\n","protected":false},"author":4,"featured_media":0,"parent":0,"menu_order":0,"comment_status":"closed","ping_status":"closed","template":"","meta":{"footnotes":""},"class_list":["post-46","page","type-page","status-publish","hentry","nodate","item-wrap"],"_links":{"self":[{"href":"https:\/\/www.aylphy.com\/index.php\/wp-json\/wp\/v2\/pages\/46","targetHints":{"allow":["GET"]}}],"collection":[{"href":"https:\/\/www.aylphy.com\/index.php\/wp-json\/wp\/v2\/pages"}],"about":[{"href":"https:\/\/www.aylphy.com\/index.php\/wp-json\/wp\/v2\/types\/page"}],"author":[{"embeddable":true,"href":"https:\/\/www.aylphy.com\/index.php\/wp-json\/wp\/v2\/users\/4"}],"replies":[{"embeddable":true,"href":"https:\/\/www.aylphy.com\/index.php\/wp-json\/wp\/v2\/comments?post=46"}],"version-history":[{"count":124,"href":"https:\/\/www.aylphy.com\/index.php\/wp-json\/wp\/v2\/pages\/46\/revisions"}],"predecessor-version":[{"id":1395,"href":"https:\/\/www.aylphy.com\/index.php\/wp-json\/wp\/v2\/pages\/46\/revisions\/1395"}],"wp:attachment":[{"href":"https:\/\/www.aylphy.com\/index.php\/wp-json\/wp\/v2\/media?parent=46"}],"curies":[{"name":"wp","href":"https:\/\/api.w.org\/{rel}","templated":true}]}}