{"id":63,"date":"2024-05-08T14:36:11","date_gmt":"2024-05-08T12:36:11","guid":{"rendered":"http:\/\/www.aylphy.com\/?page_id=63"},"modified":"2025-01-20T07:16:10","modified_gmt":"2025-01-20T06:16:10","slug":"tables-anti-vibration","status":"publish","type":"page","link":"https:\/\/www.aylphy.com\/index.php\/tables-anti-vibration\/","title":{"rendered":"Tables anti vibration"},"content":{"rendered":"\n<p class=\"has-text-align-center\">Sensibles aux vibrations m\u00e9caniques du sol, les instruments scientifiques tels que les (S)TEM, SEM, DB, FIB, Microsondes \u2026 peuvent n\u00e9cessiter d\u2019\u00eatre install\u00e9s sur des tables anti vibration.<\/p>\n\n\n\n<div style=\"height:2px\" aria-hidden=\"true\" class=\"wp-block-spacer\"><\/div>\n\n\n\n<figure class=\"wp-block-image size-full\"><img loading=\"lazy\" decoding=\"async\" width=\"1920\" height=\"1080\" src=\"https:\/\/www.aylphy.com\/wp-content\/uploads\/2025\/01\/Table-antivibration-Aylphy-18-01-2025-1.png\" alt=\"\" class=\"wp-image-1404\" srcset=\"https:\/\/www.aylphy.com\/wp-content\/uploads\/2025\/01\/Table-antivibration-Aylphy-18-01-2025-1.png 1920w, https:\/\/www.aylphy.com\/wp-content\/uploads\/2025\/01\/Table-antivibration-Aylphy-18-01-2025-1-300x169.png 300w, https:\/\/www.aylphy.com\/wp-content\/uploads\/2025\/01\/Table-antivibration-Aylphy-18-01-2025-1-768x432.png 768w, https:\/\/www.aylphy.com\/wp-content\/uploads\/2025\/01\/Table-antivibration-Aylphy-18-01-2025-1-1536x864.png 1536w, https:\/\/www.aylphy.com\/wp-content\/uploads\/2025\/01\/Table-antivibration-Aylphy-18-01-2025-1-1140x641.png 1140w\" sizes=\"auto, (max-width: 1920px) 100vw, 1920px\" \/><\/figure>\n\n\n\n<div style=\"height:2px\" aria-hidden=\"true\" class=\"wp-block-spacer\"><\/div>\n\n\n\n<div style=\"height:5px\" aria-hidden=\"true\" class=\"wp-block-spacer\"><\/div>\n\n\n\n<div class=\"wp-block-group\"><div class=\"wp-block-group__inner-container is-layout-constrained wp-block-group-is-layout-constrained\">\n<div class=\"wp-block-group\"><div class=\"wp-block-group__inner-container is-layout-constrained wp-block-group-is-layout-constrained\">\n<p class=\"has-text-align-center\"><strong>Aylphy&nbsp;<\/strong>et ses partenaires \u00e9tudient et dimensionnent diff\u00e9rents types et mod\u00e8les de tables anti vibration. Une table anti vibration peut \u00eatre n\u00e9cessaire au maintien des performances d\u2019un instrument. Nous \u00e9tudions tous les cas de figures afin de pouvoir fournir ces \u00e9l\u00e9ments et afin de pouvoir l\u2019int\u00e9grer avant ou apr\u00e8s l\u2019installation d\u2019un instrument.<\/p>\n\n\n\n<p class=\"has-text-align-center\"><\/p>\n<\/div><\/div>\n<\/div><\/div>\n\n\n\n<div style=\"height:16px\" aria-hidden=\"true\" class=\"wp-block-spacer\"><\/div>\n\n\n\n<div class=\"wp-block-buttons is-content-justification-center is-layout-flex wp-container-core-buttons-is-layout-16018d1d wp-block-buttons-is-layout-flex\">\n<div class=\"wp-block-button has-custom-width wp-block-button__width-25 has-custom-font-size is-style-outline is-style-outline--1\" style=\"font-size:13px\"><a class=\"wp-block-button__link has-black-color has-text-color has-link-color wp-element-button\" href=\"https:\/\/www.aylphy.com\/index.php\/contact\/\" style=\"border-radius:0px\">Nous contacter<\/a><\/div>\n<\/div>\n","protected":false},"excerpt":{"rendered":"<p>Sensibles aux vibrations m\u00e9caniques du sol, les instruments scientifiques tels que les (S)TEM, SEM, DB, FIB, Microsondes \u2026 peuvent n\u00e9cessiter d\u2019\u00eatre install\u00e9s sur des tables anti vibration. Aylphy&nbsp;et ses partenaires \u00e9tudient et dimensionnent diff\u00e9rents types et mod\u00e8les de tables anti vibration. Une table anti vibration peut \u00eatre n\u00e9cessaire au maintien des performances d\u2019un instrument. Nous &hellip; <\/p>\n<p><a class=\"more-link btn\" href=\"https:\/\/www.aylphy.com\/index.php\/tables-anti-vibration\/\">Lire la suite<\/a><\/p>\n","protected":false},"author":1,"featured_media":0,"parent":0,"menu_order":0,"comment_status":"closed","ping_status":"closed","template":"","meta":{"footnotes":""},"class_list":["post-63","page","type-page","status-publish","hentry","nodate","item-wrap"],"_links":{"self":[{"href":"https:\/\/www.aylphy.com\/index.php\/wp-json\/wp\/v2\/pages\/63","targetHints":{"allow":["GET"]}}],"collection":[{"href":"https:\/\/www.aylphy.com\/index.php\/wp-json\/wp\/v2\/pages"}],"about":[{"href":"https:\/\/www.aylphy.com\/index.php\/wp-json\/wp\/v2\/types\/page"}],"author":[{"embeddable":true,"href":"https:\/\/www.aylphy.com\/index.php\/wp-json\/wp\/v2\/users\/1"}],"replies":[{"embeddable":true,"href":"https:\/\/www.aylphy.com\/index.php\/wp-json\/wp\/v2\/comments?post=63"}],"version-history":[{"count":27,"href":"https:\/\/www.aylphy.com\/index.php\/wp-json\/wp\/v2\/pages\/63\/revisions"}],"predecessor-version":[{"id":1405,"href":"https:\/\/www.aylphy.com\/index.php\/wp-json\/wp\/v2\/pages\/63\/revisions\/1405"}],"wp:attachment":[{"href":"https:\/\/www.aylphy.com\/index.php\/wp-json\/wp\/v2\/media?parent=63"}],"curies":[{"name":"wp","href":"https:\/\/api.w.org\/{rel}","templated":true}]}}