{"id":72,"date":"2024-05-08T14:38:11","date_gmt":"2024-05-08T12:38:11","guid":{"rendered":"http:\/\/www.aylphy.com\/?page_id=72"},"modified":"2025-11-03T14:56:01","modified_gmt":"2025-11-03T13:56:01","slug":"videos-actualites","status":"publish","type":"page","link":"https:\/\/www.aylphy.com\/index.php\/videos-actualites\/","title":{"rendered":"Vid\u00e9os"},"content":{"rendered":"\n<p style=\"font-size:18px\">Des vid\u00e9os sont disponibles ci-apr\u00e8s afin de pouvoir appr\u00e9hender, par exemple, les interactions entre les champs \u00e9lectromagn\u00e9tiques, les vibrations m\u00e9caniques du sol, les flux d&rsquo;air (chocs mol\u00e9culaires, pression acoustique) et les instruments scientifiques.<\/p>\n\n\n\n<div style=\"height:8px\" aria-hidden=\"true\" class=\"wp-block-spacer\"><\/div>\n\n\n\n<p class=\"has-black-color has-text-color has-link-color wp-elements-98ba09df6fdc3483d108a7db63c20cb1\" style=\"font-size:20px;font-style:normal;font-weight:600\">Vid\u00e9o m\u00e9tier &#8211; Assistance, conseils, \u00e9tudes li\u00e9es \u00e0 la conception et \u00e0 la r\u00e9alisation de salles et de b\u00e2timents pour l&rsquo;instrumentation scientifique.<\/p>\n\n\n\n<figure class=\"wp-block-video\"><video height=\"810\" style=\"aspect-ratio: 1440 \/ 810;\" width=\"1440\" controls src=\"https:\/\/www.aylphy.com\/wp-content\/uploads\/2025\/11\/Clip-Video-ASSIST-MOA-24-80-03-11-2025.mp4\"><\/video><\/figure>\n\n\n\n<div style=\"height:56px\" aria-hidden=\"true\" class=\"wp-block-spacer\"><\/div>\n\n\n\n<p class=\"has-black-color has-text-color has-link-color wp-elements-927349503782f27e6cd0c6c7e45df65c\" style=\"font-size:20px;font-style:normal;font-weight:600\">Champs \u00e9lectromagn\u00e9tiques : d\u00e9gradations de la qualit\u00e9 des images ( (S)TEM, SEM, FIB, SDB, Microsonde &#8230;).<\/p>\n\n\n\n<figure class=\"wp-block-video\"><video height=\"1080\" style=\"aspect-ratio: 1920 \/ 1080;\" width=\"1920\" controls src=\"https:\/\/www.aylphy.com\/wp-content\/uploads\/2025\/01\/Video-EMI-avec-musique.mp4\"><\/video><\/figure>\n\n\n\n<div style=\"height:56px\" aria-hidden=\"true\" class=\"wp-block-spacer\"><\/div>\n\n\n\n<p style=\"font-size:20px\"><strong>Pr\u00e9sentation Aylphy (Linkedin)<\/strong><\/p>\n\n\n\n<figure class=\"wp-block-video\"><video height=\"1080\" style=\"aspect-ratio: 1920 \/ 1080;\" width=\"1920\" controls src=\"https:\/\/www.aylphy.com\/wp-content\/uploads\/2025\/01\/Visites-de-site-Aylphy-23-12-2024.png0000-1200.mp4\"><\/video><\/figure>\n\n\n\n<div style=\"height:100px\" aria-hidden=\"true\" class=\"wp-block-spacer\"><\/div>\n","protected":false},"excerpt":{"rendered":"<p>Des vid\u00e9os sont disponibles ci-apr\u00e8s afin de pouvoir appr\u00e9hender, par exemple, les interactions entre les champs \u00e9lectromagn\u00e9tiques, les vibrations m\u00e9caniques du sol, les flux d&rsquo;air (chocs mol\u00e9culaires, pression acoustique) et les instruments scientifiques. Vid\u00e9o m\u00e9tier &#8211; Assistance, conseils, \u00e9tudes li\u00e9es \u00e0 la conception et \u00e0 la r\u00e9alisation de salles et de b\u00e2timents pour l&rsquo;instrumentation scientifique. &hellip; <\/p>\n<p><a class=\"more-link btn\" href=\"https:\/\/www.aylphy.com\/index.php\/videos-actualites\/\">Lire la suite<\/a><\/p>\n","protected":false},"author":1,"featured_media":0,"parent":0,"menu_order":0,"comment_status":"closed","ping_status":"closed","template":"","meta":{"footnotes":""},"class_list":["post-72","page","type-page","status-publish","hentry","nodate","item-wrap"],"_links":{"self":[{"href":"https:\/\/www.aylphy.com\/index.php\/wp-json\/wp\/v2\/pages\/72","targetHints":{"allow":["GET"]}}],"collection":[{"href":"https:\/\/www.aylphy.com\/index.php\/wp-json\/wp\/v2\/pages"}],"about":[{"href":"https:\/\/www.aylphy.com\/index.php\/wp-json\/wp\/v2\/types\/page"}],"author":[{"embeddable":true,"href":"https:\/\/www.aylphy.com\/index.php\/wp-json\/wp\/v2\/users\/1"}],"replies":[{"embeddable":true,"href":"https:\/\/www.aylphy.com\/index.php\/wp-json\/wp\/v2\/comments?post=72"}],"version-history":[{"count":50,"href":"https:\/\/www.aylphy.com\/index.php\/wp-json\/wp\/v2\/pages\/72\/revisions"}],"predecessor-version":[{"id":1460,"href":"https:\/\/www.aylphy.com\/index.php\/wp-json\/wp\/v2\/pages\/72\/revisions\/1460"}],"wp:attachment":[{"href":"https:\/\/www.aylphy.com\/index.php\/wp-json\/wp\/v2\/media?parent=72"}],"curies":[{"name":"wp","href":"https:\/\/api.w.org\/{rel}","templated":true}]}}